{"id":811,"date":"2018-03-13T20:09:09","date_gmt":"2018-03-13T20:09:09","guid":{"rendered":"http:\/\/www.ozelifinsaat.com\/?page_id=811"},"modified":"2020-04-23T17:26:35","modified_gmt":"2020-04-23T17:26:35","slug":"ana-sayfa","status":"publish","type":"page","link":"https:\/\/www.ozelifinsaat.com\/?page_id=811","title":{"rendered":"Ana Sayfa"},"content":{"rendered":"<h4><\/h4>\n<h4><strong><a href=\"http:\/\/www.ozelifinsaat.com\/wp-content\/uploads\/2011\/12\/SANY1001.jpg\"><img loading=\"lazy\" class=\"wp-image-344 alignleft\" title=\"Resne Sokak \" src=\"http:\/\/www.ozelifinsaat.com\/wp-content\/uploads\/2011\/12\/SANY1001-225x300.jpg\" alt=\"\" width=\"221\" height=\"270\" \/><\/a><\/strong><strong>Tarih\u00e7e <\/strong><\/h4>\n<p><em><strong>\u00a0 1984 y\u0131l\u0131nda \u0130stanbul&#8217;da\u00a0 faliyetlerine ba\u015flayan \u00d6z Elif \u0130n\u015faat \u00a0genel m\u00fcteahhitlik\u00a0\u00a0 taahh\u00fct hizmetleri alan\u0131nda emin ad\u0131mlarla ilerleyerek kaliteli yap\u0131lar sunmaktad\u0131r. De\u011fi\u015fen m\u00fc\u015fteri beklentilerine h\u0131zl\u0131 bir \u015fekilde cevap verebilmek i\u00e7in s\u00fcrekli iyile\u015ftirme faaliyetlerini etkin olarak s\u00fcrd\u00fcrmektedir. <\/strong><\/em><\/p>\n<p><em><strong>\u00a01984 y\u0131l\u0131nda \u015fah\u0131s firmas\u0131 olarak kurulan i\u015fletmemiz in\u015faat malzemesi tan\u0131t\u0131m ve pazarlama konusunda bir \u00e7ok ba\u015far\u0131l\u0131 i\u015fleri ger\u00e7ekle\u015ftirmi\u015ftir 2000 li y\u0131llara kadar de\u011fi\u015fik isimler alt\u0131nda \u00e7al\u0131\u015fmalar\u0131n\u0131 s\u00fcrd\u00fcrm\u00fc\u015ft\u00fcr.Bu \u00e7al\u0131\u015fmalar neticesinde 2000 y\u0131l\u0131nda kurumsalla\u015fma ihtiyac\u0131 duyulmu\u015f ve \u00d6z Elif \u0130n\u015faat \u00a0olarak \u00fcnvan de\u011fi\u015fikli\u011fine gidilmi\u015ftir. Sekt\u00f6rde, d\u00fcr\u00fcst ve ba\u015far\u0131l\u0131 ilkesiyle hizmet sunabilmek ve daha iyi yer edinebilmek i\u00e7in s\u00fcrekli ara\u015ft\u0131rma i\u00e7indedir&#8230;<\/strong><\/em><\/p>\n<p><em><strong>\u00a0\u00a0\u00a0\u00a0\u00a0\u00a0\u00a0\u00a0\u00a0\u00a0\u00a0\u00a0 Yar\u0131nlar i\u00e7in g\u00fcvenli ve modern ya\u015fam alanlar\u0131 in\u015faa ediyoruz. <\/strong><\/em><\/p>\n","protected":false},"excerpt":{"rendered":"<p>Tarih\u00e7e \u00a0 1984 y\u0131l\u0131nda \u0130stanbul&#8217;da\u00a0 faliyetlerine ba\u015flayan \u00d6z Elif \u0130n\u015faat<span class=\"more-dots\"><a href=\"https:\/\/www.ozelifinsaat.com\/?page_id=811\">[ &#8230; ]<\/span><\/a><\/p>\n","protected":false},"author":1,"featured_media":0,"parent":0,"menu_order":0,"comment_status":"closed","ping_status":"closed","template":"","meta":[],"_links":{"self":[{"href":"https:\/\/www.ozelifinsaat.com\/index.php?rest_route=\/wp\/v2\/pages\/811"}],"collection":[{"href":"https:\/\/www.ozelifinsaat.com\/index.php?rest_route=\/wp\/v2\/pages"}],"about":[{"href":"https:\/\/www.ozelifinsaat.com\/index.php?rest_route=\/wp\/v2\/types\/page"}],"author":[{"embeddable":true,"href":"https:\/\/www.ozelifinsaat.com\/index.php?rest_route=\/wp\/v2\/users\/1"}],"replies":[{"embeddable":true,"href":"https:\/\/www.ozelifinsaat.com\/index.php?rest_route=%2Fwp%2Fv2%2Fcomments&post=811"}],"version-history":[{"count":4,"href":"https:\/\/www.ozelifinsaat.com\/index.php?rest_route=\/wp\/v2\/pages\/811\/revisions"}],"predecessor-version":[{"id":869,"href":"https:\/\/www.ozelifinsaat.com\/index.php?rest_route=\/wp\/v2\/pages\/811\/revisions\/869"}],"wp:attachment":[{"href":"https:\/\/www.ozelifinsaat.com\/index.php?rest_route=%2Fwp%2Fv2%2Fmedia&parent=811"}],"curies":[{"name":"wp","href":"https:\/\/api.w.org\/{rel}","templated":true}]}}