{"id":439,"date":"2015-06-23T21:41:45","date_gmt":"2015-06-23T21:41:45","guid":{"rendered":"http:\/\/www.ozelifinsaat.com\/?page_id=439"},"modified":"2020-04-24T14:24:29","modified_gmt":"2020-04-24T14:24:29","slug":"misyonumuz","status":"publish","type":"page","link":"https:\/\/www.ozelifinsaat.com\/?page_id=439","title":{"rendered":"Misyonumuz"},"content":{"rendered":"<ul>\n<li>Firmam\u0131z\u0131n odakland\u0131\u011f\u0131 nokta, hizmet verdi\u011fi alanlarda&nbsp;&nbsp; uygulanabilir en yeni ve y\u00fcksek teknoloji ve metodlarla hizmet vermek,<\/li>\n<li>M\u00fc\u015fteri beklentilerini kar\u015f\u0131layan veya m\u00fc\u015fteri beklentilerinin \u00fcst\u00fcnde hizmet sunmakt\u0131r.<\/li>\n<\/ul>\n","protected":false},"excerpt":{"rendered":"<p>Firmam\u0131z\u0131n odakland\u0131\u011f\u0131 nokta, hizmet verdi\u011fi alanlarda&nbsp;&nbsp; uygulanabilir en yeni ve<span class=\"more-dots\"><a href=\"https:\/\/www.ozelifinsaat.com\/?page_id=439\">[ &#8230; ]<\/span><\/a><\/p>\n","protected":false},"author":1,"featured_media":0,"parent":0,"menu_order":0,"comment_status":"closed","ping_status":"open","template":"","meta":[],"_links":{"self":[{"href":"https:\/\/www.ozelifinsaat.com\/index.php?rest_route=\/wp\/v2\/pages\/439"}],"collection":[{"href":"https:\/\/www.ozelifinsaat.com\/index.php?rest_route=\/wp\/v2\/pages"}],"about":[{"href":"https:\/\/www.ozelifinsaat.com\/index.php?rest_route=\/wp\/v2\/types\/page"}],"author":[{"embeddable":true,"href":"https:\/\/www.ozelifinsaat.com\/index.php?rest_route=\/wp\/v2\/users\/1"}],"replies":[{"embeddable":true,"href":"https:\/\/www.ozelifinsaat.com\/index.php?rest_route=%2Fwp%2Fv2%2Fcomments&post=439"}],"version-history":[{"count":3,"href":"https:\/\/www.ozelifinsaat.com\/index.php?rest_route=\/wp\/v2\/pages\/439\/revisions"}],"predecessor-version":[{"id":917,"href":"https:\/\/www.ozelifinsaat.com\/index.php?rest_route=\/wp\/v2\/pages\/439\/revisions\/917"}],"wp:attachment":[{"href":"https:\/\/www.ozelifinsaat.com\/index.php?rest_route=%2Fwp%2Fv2%2Fmedia&parent=439"}],"curies":[{"name":"wp","href":"https:\/\/api.w.org\/{rel}","templated":true}]}}