{"id":256,"date":"2012-02-08T22:11:56","date_gmt":"2012-02-08T22:11:56","guid":{"rendered":"http:\/\/www.ozelifinsaat.com\/?page_id=256"},"modified":"2020-04-24T14:22:38","modified_gmt":"2020-04-24T14:22:38","slug":"galeri-6","status":"publish","type":"page","link":"https:\/\/www.ozelifinsaat.com\/?page_id=256","title":{"rendered":"Galeri"},"content":{"rendered":"\n<figure class=\"wp-block-gallery columns-3 is-cropped\"><ul class=\"blocks-gallery-grid\"><li class=\"blocks-gallery-item\"><figure><img loading=\"lazy\" width=\"1024\" height=\"768\" src=\"http:\/\/www.ozelifinsaat.com\/wp-content\/uploads\/2012\/02\/IMG00108-20110711-1346-1024x768.jpg\" alt=\"\" data-id=\"416\" data-full-url=\"http:\/\/www.ozelifinsaat.com\/wp-content\/uploads\/2012\/02\/IMG00108-20110711-1346.jpg\" data-link=\"http:\/\/www.ozelifinsaat.com\/?attachment_id=416\" class=\"wp-image-416\" srcset=\"https:\/\/www.ozelifinsaat.com\/wp-content\/uploads\/2012\/02\/IMG00108-20110711-1346-1024x768.jpg 1024w, https:\/\/www.ozelifinsaat.com\/wp-content\/uploads\/2012\/02\/IMG00108-20110711-1346-300x225.jpg 300w, https:\/\/www.ozelifinsaat.com\/wp-content\/uploads\/2012\/02\/IMG00108-20110711-1346-695x521.jpg 695w, https:\/\/www.ozelifinsaat.com\/wp-content\/uploads\/2012\/02\/IMG00108-20110711-1346.jpg 1600w\" sizes=\"(max-width: 1024px) 100vw, 1024px\" \/><\/figure><\/li><li class=\"blocks-gallery-item\"><figure><img loading=\"lazy\" width=\"640\" height=\"480\" src=\"http:\/\/www.ozelifinsaat.com\/wp-content\/uploads\/2012\/02\/IMG0076A.jpg\" alt=\"\" data-id=\"415\" data-full-url=\"http:\/\/www.ozelifinsaat.com\/wp-content\/uploads\/2012\/02\/IMG0076A.jpg\" data-link=\"http:\/\/www.ozelifinsaat.com\/?attachment_id=415\" class=\"wp-image-415\" srcset=\"https:\/\/www.ozelifinsaat.com\/wp-content\/uploads\/2012\/02\/IMG0076A.jpg 640w, https:\/\/www.ozelifinsaat.com\/wp-content\/uploads\/2012\/02\/IMG0076A-300x225.jpg 300w\" sizes=\"(max-width: 640px) 100vw, 640px\" \/><\/figure><\/li><li class=\"blocks-gallery-item\"><figure><img loading=\"lazy\" width=\"640\" height=\"480\" src=\"http:\/\/www.ozelifinsaat.com\/wp-content\/uploads\/2012\/02\/IMG0075A.jpg\" alt=\"\" data-id=\"414\" data-full-url=\"http:\/\/www.ozelifinsaat.com\/wp-content\/uploads\/2012\/02\/IMG0075A.jpg\" data-link=\"http:\/\/www.ozelifinsaat.com\/?attachment_id=414\" class=\"wp-image-414\" srcset=\"https:\/\/www.ozelifinsaat.com\/wp-content\/uploads\/2012\/02\/IMG0075A.jpg 640w, https:\/\/www.ozelifinsaat.com\/wp-content\/uploads\/2012\/02\/IMG0075A-300x225.jpg 300w\" sizes=\"(max-width: 640px) 100vw, 640px\" \/><\/figure><\/li><li class=\"blocks-gallery-item\"><figure><img loading=\"lazy\" width=\"640\" height=\"480\" src=\"http:\/\/www.ozelifinsaat.com\/wp-content\/uploads\/2012\/02\/IMG0074A.jpg\" alt=\"\" data-id=\"413\" data-full-url=\"http:\/\/www.ozelifinsaat.com\/wp-content\/uploads\/2012\/02\/IMG0074A.jpg\" data-link=\"http:\/\/www.ozelifinsaat.com\/?attachment_id=413\" class=\"wp-image-413\" srcset=\"https:\/\/www.ozelifinsaat.com\/wp-content\/uploads\/2012\/02\/IMG0074A.jpg 640w, https:\/\/www.ozelifinsaat.com\/wp-content\/uploads\/2012\/02\/IMG0074A-300x225.jpg 300w\" sizes=\"(max-width: 640px) 100vw, 640px\" \/><\/figure><\/li><li class=\"blocks-gallery-item\"><figure><img loading=\"lazy\" width=\"640\" height=\"480\" src=\"http:\/\/www.ozelifinsaat.com\/wp-content\/uploads\/2012\/02\/IMG0073A.jpg\" alt=\"\" data-id=\"412\" data-full-url=\"http:\/\/www.ozelifinsaat.com\/wp-content\/uploads\/2012\/02\/IMG0073A.jpg\" data-link=\"http:\/\/www.ozelifinsaat.com\/?attachment_id=412\" class=\"wp-image-412\" srcset=\"https:\/\/www.ozelifinsaat.com\/wp-content\/uploads\/2012\/02\/IMG0073A.jpg 640w, https:\/\/www.ozelifinsaat.com\/wp-content\/uploads\/2012\/02\/IMG0073A-300x225.jpg 300w\" sizes=\"(max-width: 640px) 100vw, 640px\" \/><\/figure><\/li><li class=\"blocks-gallery-item\"><figure><img loading=\"lazy\" width=\"1024\" height=\"768\" src=\"http:\/\/www.ozelifinsaat.com\/wp-content\/uploads\/2012\/02\/Foto\u011fraf0032-1024x768.jpg\" alt=\"\" data-id=\"407\" data-full-url=\"http:\/\/www.ozelifinsaat.com\/wp-content\/uploads\/2012\/02\/Foto\u011fraf0032.jpg\" data-link=\"http:\/\/www.ozelifinsaat.com\/?attachment_id=407\" class=\"wp-image-407\" srcset=\"https:\/\/www.ozelifinsaat.com\/wp-content\/uploads\/2012\/02\/Foto\u011fraf0032-1024x768.jpg 1024w, https:\/\/www.ozelifinsaat.com\/wp-content\/uploads\/2012\/02\/Foto\u011fraf0032-300x225.jpg 300w, https:\/\/www.ozelifinsaat.com\/wp-content\/uploads\/2012\/02\/Foto\u011fraf0032-695x521.jpg 695w\" sizes=\"(max-width: 1024px) 100vw, 1024px\" \/><\/figure><\/li><li class=\"blocks-gallery-item\"><figure><img loading=\"lazy\" width=\"1024\" height=\"768\" src=\"http:\/\/www.ozelifinsaat.com\/wp-content\/uploads\/2012\/02\/Foto\u011fraf0033-1024x768.jpg\" alt=\"\" data-id=\"408\" data-full-url=\"http:\/\/www.ozelifinsaat.com\/wp-content\/uploads\/2012\/02\/Foto\u011fraf0033.jpg\" data-link=\"http:\/\/www.ozelifinsaat.com\/?attachment_id=408\" class=\"wp-image-408\" srcset=\"https:\/\/www.ozelifinsaat.com\/wp-content\/uploads\/2012\/02\/Foto\u011fraf0033-1024x768.jpg 1024w, https:\/\/www.ozelifinsaat.com\/wp-content\/uploads\/2012\/02\/Foto\u011fraf0033-300x225.jpg 300w, https:\/\/www.ozelifinsaat.com\/wp-content\/uploads\/2012\/02\/Foto\u011fraf0033-695x521.jpg 695w\" sizes=\"(max-width: 1024px) 100vw, 1024px\" \/><\/figure><\/li><li class=\"blocks-gallery-item\"><figure><img loading=\"lazy\" width=\"1024\" height=\"768\" src=\"http:\/\/www.ozelifinsaat.com\/wp-content\/uploads\/2012\/02\/Foto\u011fraf0034-1024x768.jpg\" alt=\"\" data-id=\"409\" data-full-url=\"http:\/\/www.ozelifinsaat.com\/wp-content\/uploads\/2012\/02\/Foto\u011fraf0034.jpg\" data-link=\"http:\/\/www.ozelifinsaat.com\/?attachment_id=409\" class=\"wp-image-409\" srcset=\"https:\/\/www.ozelifinsaat.com\/wp-content\/uploads\/2012\/02\/Foto\u011fraf0034-1024x768.jpg 1024w, https:\/\/www.ozelifinsaat.com\/wp-content\/uploads\/2012\/02\/Foto\u011fraf0034-300x225.jpg 300w, https:\/\/www.ozelifinsaat.com\/wp-content\/uploads\/2012\/02\/Foto\u011fraf0034-695x521.jpg 695w\" sizes=\"(max-width: 1024px) 100vw, 1024px\" \/><\/figure><\/li><li class=\"blocks-gallery-item\"><figure><img loading=\"lazy\" width=\"1024\" height=\"768\" src=\"http:\/\/www.ozelifinsaat.com\/wp-content\/uploads\/2012\/02\/Foto\u011fraf0035-1024x768.jpg\" alt=\"\" data-id=\"410\" data-full-url=\"http:\/\/www.ozelifinsaat.com\/wp-content\/uploads\/2012\/02\/Foto\u011fraf0035.jpg\" data-link=\"http:\/\/www.ozelifinsaat.com\/?attachment_id=410\" class=\"wp-image-410\" srcset=\"https:\/\/www.ozelifinsaat.com\/wp-content\/uploads\/2012\/02\/Foto\u011fraf0035-1024x768.jpg 1024w, https:\/\/www.ozelifinsaat.com\/wp-content\/uploads\/2012\/02\/Foto\u011fraf0035-300x225.jpg 300w, https:\/\/www.ozelifinsaat.com\/wp-content\/uploads\/2012\/02\/Foto\u011fraf0035-695x521.jpg 695w\" sizes=\"(max-width: 1024px) 100vw, 1024px\" \/><\/figure><\/li><li class=\"blocks-gallery-item\"><figure><img loading=\"lazy\" width=\"1024\" height=\"768\" src=\"http:\/\/www.ozelifinsaat.com\/wp-content\/uploads\/2012\/02\/G\u00f6r\u00fcnt\u00fc0049-1024x768.jpg\" alt=\"\" data-id=\"411\" data-full-url=\"http:\/\/www.ozelifinsaat.com\/wp-content\/uploads\/2012\/02\/G\u00f6r\u00fcnt\u00fc0049.jpg\" data-link=\"http:\/\/www.ozelifinsaat.com\/?attachment_id=411\" class=\"wp-image-411\" srcset=\"https:\/\/www.ozelifinsaat.com\/wp-content\/uploads\/2012\/02\/G\u00f6r\u00fcnt\u00fc0049-1024x768.jpg 1024w, https:\/\/www.ozelifinsaat.com\/wp-content\/uploads\/2012\/02\/G\u00f6r\u00fcnt\u00fc0049-300x225.jpg 300w, https:\/\/www.ozelifinsaat.com\/wp-content\/uploads\/2012\/02\/G\u00f6r\u00fcnt\u00fc0049-695x521.jpg 695w\" sizes=\"(max-width: 1024px) 100vw, 1024px\" \/><\/figure><\/li><li class=\"blocks-gallery-item\"><figure><img loading=\"lazy\" width=\"1024\" height=\"768\" src=\"http:\/\/www.ozelifinsaat.com\/wp-content\/uploads\/2012\/02\/Foto\u011fraf0031-1024x768.jpg\" alt=\"\" data-id=\"406\" data-full-url=\"http:\/\/www.ozelifinsaat.com\/wp-content\/uploads\/2012\/02\/Foto\u011fraf0031.jpg\" data-link=\"http:\/\/www.ozelifinsaat.com\/?attachment_id=406\" class=\"wp-image-406\" srcset=\"https:\/\/www.ozelifinsaat.com\/wp-content\/uploads\/2012\/02\/Foto\u011fraf0031-1024x768.jpg 1024w, https:\/\/www.ozelifinsaat.com\/wp-content\/uploads\/2012\/02\/Foto\u011fraf0031-300x225.jpg 300w, https:\/\/www.ozelifinsaat.com\/wp-content\/uploads\/2012\/02\/Foto\u011fraf0031-695x521.jpg 695w\" sizes=\"(max-width: 1024px) 100vw, 1024px\" \/><\/figure><\/li><li class=\"blocks-gallery-item\"><figure><img loading=\"lazy\" width=\"1024\" height=\"768\" src=\"http:\/\/www.ozelifinsaat.com\/wp-content\/uploads\/2012\/02\/Foto\u011fraf0030-1024x768.jpg\" alt=\"\" data-id=\"405\" data-full-url=\"http:\/\/www.ozelifinsaat.com\/wp-content\/uploads\/2012\/02\/Foto\u011fraf0030.jpg\" data-link=\"http:\/\/www.ozelifinsaat.com\/?attachment_id=405\" class=\"wp-image-405\" srcset=\"https:\/\/www.ozelifinsaat.com\/wp-content\/uploads\/2012\/02\/Foto\u011fraf0030-1024x768.jpg 1024w, https:\/\/www.ozelifinsaat.com\/wp-content\/uploads\/2012\/02\/Foto\u011fraf0030-300x225.jpg 300w, https:\/\/www.ozelifinsaat.com\/wp-content\/uploads\/2012\/02\/Foto\u011fraf0030-695x521.jpg 695w\" sizes=\"(max-width: 1024px) 100vw, 1024px\" \/><\/figure><\/li><li class=\"blocks-gallery-item\"><figure><img loading=\"lazy\" width=\"1024\" height=\"768\" src=\"http:\/\/www.ozelifinsaat.com\/wp-content\/uploads\/2012\/02\/Foto\u011fraf0028-1024x768.jpg\" alt=\"\" data-id=\"403\" data-full-url=\"http:\/\/www.ozelifinsaat.com\/wp-content\/uploads\/2012\/02\/Foto\u011fraf0028.jpg\" data-link=\"http:\/\/www.ozelifinsaat.com\/?attachment_id=403\" class=\"wp-image-403\" srcset=\"https:\/\/www.ozelifinsaat.com\/wp-content\/uploads\/2012\/02\/Foto\u011fraf0028-1024x768.jpg 1024w, https:\/\/www.ozelifinsaat.com\/wp-content\/uploads\/2012\/02\/Foto\u011fraf0028-300x225.jpg 300w, https:\/\/www.ozelifinsaat.com\/wp-content\/uploads\/2012\/02\/Foto\u011fraf0028-695x521.jpg 695w\" sizes=\"(max-width: 1024px) 100vw, 1024px\" \/><\/figure><\/li><li class=\"blocks-gallery-item\"><figure><img loading=\"lazy\" width=\"1024\" height=\"768\" src=\"http:\/\/www.ozelifinsaat.com\/wp-content\/uploads\/2012\/02\/Foto\u011fraf0027-1024x768.jpg\" alt=\"\" data-id=\"402\" data-full-url=\"http:\/\/www.ozelifinsaat.com\/wp-content\/uploads\/2012\/02\/Foto\u011fraf0027.jpg\" data-link=\"http:\/\/www.ozelifinsaat.com\/?attachment_id=402\" class=\"wp-image-402\" srcset=\"https:\/\/www.ozelifinsaat.com\/wp-content\/uploads\/2012\/02\/Foto\u011fraf0027-1024x768.jpg 1024w, https:\/\/www.ozelifinsaat.com\/wp-content\/uploads\/2012\/02\/Foto\u011fraf0027-300x225.jpg 300w, https:\/\/www.ozelifinsaat.com\/wp-content\/uploads\/2012\/02\/Foto\u011fraf0027-695x521.jpg 695w\" sizes=\"(max-width: 1024px) 100vw, 1024px\" \/><\/figure><\/li><li class=\"blocks-gallery-item\"><figure><img loading=\"lazy\" width=\"1024\" height=\"768\" src=\"http:\/\/www.ozelifinsaat.com\/wp-content\/uploads\/2012\/02\/Foto\u011fraf0026-1024x768.jpg\" alt=\"\" data-id=\"401\" data-full-url=\"http:\/\/www.ozelifinsaat.com\/wp-content\/uploads\/2012\/02\/Foto\u011fraf0026.jpg\" data-link=\"http:\/\/www.ozelifinsaat.com\/?attachment_id=401\" class=\"wp-image-401\" srcset=\"https:\/\/www.ozelifinsaat.com\/wp-content\/uploads\/2012\/02\/Foto\u011fraf0026-1024x768.jpg 1024w, https:\/\/www.ozelifinsaat.com\/wp-content\/uploads\/2012\/02\/Foto\u011fraf0026-300x225.jpg 300w, https:\/\/www.ozelifinsaat.com\/wp-content\/uploads\/2012\/02\/Foto\u011fraf0026-695x521.jpg 695w\" sizes=\"(max-width: 1024px) 100vw, 1024px\" \/><\/figure><\/li><li class=\"blocks-gallery-item\"><figure><img loading=\"lazy\" width=\"1024\" height=\"768\" src=\"http:\/\/www.ozelifinsaat.com\/wp-content\/uploads\/2012\/02\/IMG00109-20110711-1346-1024x768.jpg\" alt=\"\" data-id=\"417\" data-full-url=\"http:\/\/www.ozelifinsaat.com\/wp-content\/uploads\/2012\/02\/IMG00109-20110711-1346.jpg\" data-link=\"http:\/\/www.ozelifinsaat.com\/?attachment_id=417\" class=\"wp-image-417\" srcset=\"https:\/\/www.ozelifinsaat.com\/wp-content\/uploads\/2012\/02\/IMG00109-20110711-1346-1024x768.jpg 1024w, https:\/\/www.ozelifinsaat.com\/wp-content\/uploads\/2012\/02\/IMG00109-20110711-1346-300x225.jpg 300w, https:\/\/www.ozelifinsaat.com\/wp-content\/uploads\/2012\/02\/IMG00109-20110711-1346-695x521.jpg 695w, https:\/\/www.ozelifinsaat.com\/wp-content\/uploads\/2012\/02\/IMG00109-20110711-1346.jpg 1600w\" sizes=\"(max-width: 1024px) 100vw, 1024px\" \/><\/figure><\/li><li class=\"blocks-gallery-item\"><figure><img loading=\"lazy\" width=\"1024\" height=\"680\" src=\"http:\/\/www.ozelifinsaat.com\/wp-content\/uploads\/2018\/03\/DSC_0153-1024x680.jpg\" alt=\"\" data-id=\"640\" data-full-url=\"http:\/\/www.ozelifinsaat.com\/wp-content\/uploads\/2018\/03\/DSC_0153.jpg\" data-link=\"http:\/\/www.ozelifinsaat.com\/?attachment_id=640\" class=\"wp-image-640\" srcset=\"https:\/\/www.ozelifinsaat.com\/wp-content\/uploads\/2018\/03\/DSC_0153-1024x680.jpg 1024w, https:\/\/www.ozelifinsaat.com\/wp-content\/uploads\/2018\/03\/DSC_0153-300x199.jpg 300w, https:\/\/www.ozelifinsaat.com\/wp-content\/uploads\/2018\/03\/DSC_0153-768x510.jpg 768w\" sizes=\"(max-width: 1024px) 100vw, 1024px\" \/><\/figure><\/li><li class=\"blocks-gallery-item\"><figure><img loading=\"lazy\" width=\"1024\" height=\"680\" src=\"http:\/\/www.ozelifinsaat.com\/wp-content\/uploads\/2018\/03\/DSC_0155-1024x680.jpg\" alt=\"\" data-id=\"642\" data-full-url=\"http:\/\/www.ozelifinsaat.com\/wp-content\/uploads\/2018\/03\/DSC_0155.jpg\" data-link=\"http:\/\/www.ozelifinsaat.com\/?attachment_id=642\" class=\"wp-image-642\" srcset=\"https:\/\/www.ozelifinsaat.com\/wp-content\/uploads\/2018\/03\/DSC_0155-1024x680.jpg 1024w, https:\/\/www.ozelifinsaat.com\/wp-content\/uploads\/2018\/03\/DSC_0155-300x199.jpg 300w, https:\/\/www.ozelifinsaat.com\/wp-content\/uploads\/2018\/03\/DSC_0155-768x510.jpg 768w\" sizes=\"(max-width: 1024px) 100vw, 1024px\" \/><\/figure><\/li><li class=\"blocks-gallery-item\"><figure><img loading=\"lazy\" width=\"1024\" height=\"680\" src=\"http:\/\/www.ozelifinsaat.com\/wp-content\/uploads\/2018\/03\/DSC_0157-1024x680.jpg\" alt=\"\" data-id=\"644\" data-full-url=\"http:\/\/www.ozelifinsaat.com\/wp-content\/uploads\/2018\/03\/DSC_0157.jpg\" data-link=\"http:\/\/www.ozelifinsaat.com\/?attachment_id=644\" class=\"wp-image-644\" srcset=\"https:\/\/www.ozelifinsaat.com\/wp-content\/uploads\/2018\/03\/DSC_0157-1024x680.jpg 1024w, https:\/\/www.ozelifinsaat.com\/wp-content\/uploads\/2018\/03\/DSC_0157-300x199.jpg 300w, https:\/\/www.ozelifinsaat.com\/wp-content\/uploads\/2018\/03\/DSC_0157-768x510.jpg 768w\" sizes=\"(max-width: 1024px) 100vw, 1024px\" \/><\/figure><\/li><li class=\"blocks-gallery-item\"><figure><img loading=\"lazy\" width=\"1024\" height=\"680\" src=\"http:\/\/www.ozelifinsaat.com\/wp-content\/uploads\/2018\/03\/DSC_0168-1024x680.jpg\" alt=\"\" data-id=\"655\" data-full-url=\"http:\/\/www.ozelifinsaat.com\/wp-content\/uploads\/2018\/03\/DSC_0168.jpg\" data-link=\"http:\/\/www.ozelifinsaat.com\/?attachment_id=655\" class=\"wp-image-655\" srcset=\"https:\/\/www.ozelifinsaat.com\/wp-content\/uploads\/2018\/03\/DSC_0168-1024x680.jpg 1024w, https:\/\/www.ozelifinsaat.com\/wp-content\/uploads\/2018\/03\/DSC_0168-300x199.jpg 300w, https:\/\/www.ozelifinsaat.com\/wp-content\/uploads\/2018\/03\/DSC_0168-768x510.jpg 768w\" sizes=\"(max-width: 1024px) 100vw, 1024px\" \/><\/figure><\/li><li class=\"blocks-gallery-item\"><figure><img loading=\"lazy\" width=\"1024\" height=\"680\" src=\"http:\/\/www.ozelifinsaat.com\/wp-content\/uploads\/2018\/03\/DSC_0169-1024x680.jpg\" alt=\"\" data-id=\"656\" data-full-url=\"http:\/\/www.ozelifinsaat.com\/wp-content\/uploads\/2018\/03\/DSC_0169.jpg\" data-link=\"http:\/\/www.ozelifinsaat.com\/?attachment_id=656\" class=\"wp-image-656\" srcset=\"https:\/\/www.ozelifinsaat.com\/wp-content\/uploads\/2018\/03\/DSC_0169-1024x680.jpg 1024w, https:\/\/www.ozelifinsaat.com\/wp-content\/uploads\/2018\/03\/DSC_0169-300x199.jpg 300w, https:\/\/www.ozelifinsaat.com\/wp-content\/uploads\/2018\/03\/DSC_0169-768x510.jpg 768w\" sizes=\"(max-width: 1024px) 100vw, 1024px\" \/><\/figure><\/li><\/ul><\/figure>\n\n\n\n<p><\/p>\n","protected":false},"excerpt":{"rendered":"","protected":false},"author":1,"featured_media":0,"parent":0,"menu_order":0,"comment_status":"closed","ping_status":"open","template":"","meta":[],"_links":{"self":[{"href":"https:\/\/www.ozelifinsaat.com\/index.php?rest_route=\/wp\/v2\/pages\/256"}],"collection":[{"href":"https:\/\/www.ozelifinsaat.com\/index.php?rest_route=\/wp\/v2\/pages"}],"about":[{"href":"https:\/\/www.ozelifinsaat.com\/index.php?rest_route=\/wp\/v2\/types\/page"}],"author":[{"embeddable":true,"href":"https:\/\/www.ozelifinsaat.com\/index.php?rest_route=\/wp\/v2\/users\/1"}],"replies":[{"embeddable":true,"href":"https:\/\/www.ozelifinsaat.com\/index.php?rest_route=%2Fwp%2Fv2%2Fcomments&post=256"}],"version-history":[{"count":18,"href":"https:\/\/www.ozelifinsaat.com\/index.php?rest_route=\/wp\/v2\/pages\/256\/revisions"}],"predecessor-version":[{"id":868,"href":"https:\/\/www.ozelifinsaat.com\/index.php?rest_route=\/wp\/v2\/pages\/256\/revisions\/868"}],"wp:attachment":[{"href":"https:\/\/www.ozelifinsaat.com\/index.php?rest_route=%2Fwp%2Fv2%2Fmedia&parent=256"}],"curies":[{"name":"wp","href":"https:\/\/api.w.org\/{rel}","templated":true}]}}